{"id":1870,"date":"2019-12-13T19:09:19","date_gmt":"2019-12-13T18:09:19","guid":{"rendered":"https:\/\/amancius.pt\/produto\/orcamento\/"},"modified":"2020-01-09T11:52:19","modified_gmt":"2020-01-09T10:52:19","slug":"budget","status":"publish","type":"product","link":"https:\/\/amancius.pt\/fr\/produit\/budget\/","title":{"rendered":"Budget"},"content":{"rendered":"<section class=\"wpb-content-wrapper\"><p>[vc_row][vc_column]<style>.ld_cf7_69f5b80b71b9c input[type=\"submit\"], .ld_cf7_69f5b80b71b9c button[type=\"submit\"]{background:rgb(45, 171, 163);color:rgb(255, 255, 255);border-color:rgb(255, 255, 255);}.ld_cf7_69f5b80b71b9c input, .ld_cf7_69f5b80b71b9c select, .ld_cf7_69f5b80b71b9c textarea, .ld_cf7_69f5b80b71b9c .ui-selectmenu-button{background:rgb(243, 243, 243);color:rgb(8, 76, 97);}.ld_cf7_69f5b80b71b9c input:focus, .ld_cf7_69f5b80b71b9c select:focus, .ld_cf7_69f5b80b71b9c textarea:focus, .ld_cf7_69f5b80b71b9c .ui-selectmenu-button:hover{color:rgb(8, 76, 97);}.ld_cf7_69f5b80b71b9c input[type=\"submit\"]:focus,.ld_cf7_69f5b80b71b9c input[type=\"submit\"]:hover, .ld_cf7_69f5b80b71b9c button[type=\"submit\"]:focus, .ld_cf7_69f5b80b71b9c button[type=\"submit\"]:hover{background:rgb(115, 185, 206);}<\/style><div id=\"ld_cf7_69f5b80b71b9c\" class=\"lqd-contact-form lqd-contact-form-inputs-filled lqd-contact-form-inputs-circle lqd-contact-form-button-bordered lqd-contact-form-button-md lqd-contact-form-button-round ld_cf7_69f5b80b71b9c\">\n\t<div class=\"wpcf7 no-js\" id=\"wpcf7-f1674-o1\" lang=\"pt-PT\" dir=\"ltr\">\n<div class=\"screen-reader-response\"><p role=\"status\" aria-live=\"polite\" aria-atomic=\"true\"><\/p> <ul><\/ul><\/div>\n<form action=\"\/fr\/wp-json\/wp\/v2\/product\/1870#wpcf7-f1674-o1\" method=\"post\" class=\"wpcf7-form init\" aria-label=\"Formul\u00e1rio de contacto\" enctype=\"multipart\/form-data\" novalidate=\"novalidate\" data-status=\"init\">\n<div style=\"display: none;\">\n<input type=\"hidden\" name=\"_wpcf7\" value=\"1674\" \/>\n<input type=\"hidden\" name=\"_wpcf7_version\" value=\"5.7.2\" \/>\n<input type=\"hidden\" name=\"_wpcf7_locale\" value=\"pt_PT\" \/>\n<input type=\"hidden\" name=\"_wpcf7_unit_tag\" value=\"wpcf7-f1674-o1\" \/>\n<input type=\"hidden\" name=\"_wpcf7_container_post\" value=\"0\" \/>\n<input type=\"hidden\" name=\"_wpcf7_posted_data_hash\" value=\"\" \/>\n<input type=\"hidden\" name=\"_wpcf7_recaptcha_response\" value=\"\" \/>\n<\/div>\n<p><label><br \/>\n<span class=\"wpcf7-form-control-wrap\" data-name=\"your-name\"><input size=\"40\" class=\"wpcf7-form-control wpcf7-text wpcf7-validates-as-required\" aria-required=\"true\" aria-invalid=\"false\" placeholder=\"Pr\u00e9nom\" value=\"\" type=\"text\" name=\"your-name\" \/><\/span> <\/label>\n<\/p>\n<p><label><br \/>\n<span class=\"wpcf7-form-control-wrap\" data-name=\"tel-444\"><input size=\"40\" class=\"wpcf7-form-control wpcf7-text wpcf7-tel wpcf7-validates-as-required wpcf7-validates-as-tel\" aria-required=\"true\" aria-invalid=\"false\" placeholder=\"Num\u00e9ro de portable\" value=\"\" type=\"tel\" name=\"tel-444\" \/><\/span><\/label>\n<\/p>\n<p><label><br \/>\n<span class=\"wpcf7-form-control-wrap\" data-name=\"your-email\"><input size=\"40\" class=\"wpcf7-form-control wpcf7-text wpcf7-email wpcf7-validates-as-required wpcf7-validates-as-email\" aria-required=\"true\" aria-invalid=\"false\" placeholder=\"E-mail\" value=\"\" type=\"email\" name=\"your-email\" \/><\/span> <\/label>\n<\/p>\n<p><label><br \/>\n<span class=\"wpcf7-form-control-wrap\" data-name=\"your-subject\"><input size=\"40\" class=\"wpcf7-form-control wpcf7-text\" aria-invalid=\"false\" placeholder=\"Objet\" value=\"\" type=\"text\" name=\"your-subject\" \/><\/span> <\/label>\n<\/p>\n<p><label><br \/>\n<span class=\"wpcf7-form-control-wrap\" data-name=\"your-message\"><textarea cols=\"40\" rows=\"10\" class=\"wpcf7-form-control wpcf7-textarea\" aria-invalid=\"false\" placeholder=\"Message\" name=\"your-message\"><\/textarea><\/span> <\/label>\n<\/p>\n<p><label><br \/>\n<span class=\"wpcf7-form-control-wrap\" data-name=\"file-538\"><input size=\"40\" class=\"wpcf7-form-control wpcf7-file\" accept=\".png,.jpg,.jpeg,.pdf\" aria-invalid=\"false\" type=\"file\" name=\"file-538\" \/><\/span><\/label>\n<\/p>\n<p><input class=\"wpcf7-form-control has-spinner wpcf7-submit\" type=\"submit\" value=\"Enviar\" \/>\n<\/p><div class=\"wpcf7-response-output\" aria-hidden=\"true\"><\/div><\/form><\/div><\/div>[\/vc_column][\/vc_row]<\/p>\n<\/section>","protected":false},"excerpt":{"rendered":"<h6>Pour demander un devis Marquise, Fa\u00e7ade et Garde-corps, veuillez nous contacter en utilisant le formulaire ci-dessous.<\/h6>\n<p>&nbsp;<\/p>\n","protected":false},"featured_media":1400,"template":"","meta":[],"product_cat":[281],"product_tag":[],"class_list":["post-1870","product","type-product","status-publish","has-post-thumbnail","hentry","product_cat-orcamento-fr"],"yoast_head":"<!-- This site is optimized with the Yoast SEO plugin v19.14 - https:\/\/yoast.com\/wordpress\/plugins\/seo\/ -->\n<title>Budget - Amancius<\/title>\n<meta name=\"robots\" content=\"index, follow, max-snippet:-1, max-image-preview:large, max-video-preview:-1\" \/>\n<link rel=\"canonical\" href=\"https:\/\/amancius.pt\/fr\/produit\/budget\/\" \/>\n<meta property=\"og:locale\" content=\"fr_FR\" \/>\n<meta property=\"og:type\" content=\"article\" \/>\n<meta property=\"og:title\" content=\"Budget - Amancius\" \/>\n<meta property=\"og:description\" content=\"Pour demander un devis Marquise, Fa\u00e7ade et Garde-corps, veuillez nous contacter en utilisant le formulaire ci-dessous. &nbsp;\" \/>\n<meta property=\"og:url\" content=\"https:\/\/amancius.pt\/fr\/produit\/budget\/\" \/>\n<meta property=\"og:site_name\" content=\"Amancius\" \/>\n<meta property=\"article:publisher\" content=\"https:\/\/www.facebook.com\/amancius2019\/\" \/>\n<meta property=\"article:modified_time\" content=\"2020-01-09T10:52:19+00:00\" \/>\n<meta property=\"og:image\" content=\"https:\/\/amancius.pt\/wp-content\/uploads\/2019\/12\/amancius_imagem_home.jpg\" \/>\n\t<meta property=\"og:image:width\" content=\"1920\" \/>\n\t<meta property=\"og:image:height\" content=\"1080\" \/>\n\t<meta property=\"og:image:type\" content=\"image\/jpeg\" \/>\n<meta name=\"twitter:card\" content=\"summary_large_image\" \/>\n<script type=\"application\/ld+json\" class=\"yoast-schema-graph\">{\"@context\":\"https:\/\/schema.org\",\"@graph\":[{\"@type\":\"WebPage\",\"@id\":\"https:\/\/amancius.pt\/fr\/produit\/budget\/\",\"url\":\"https:\/\/amancius.pt\/fr\/produit\/budget\/\",\"name\":\"Budget - Amancius\",\"isPartOf\":{\"@id\":\"https:\/\/amancius.pt\/fr\/#website\"},\"datePublished\":\"2019-12-13T18:09:19+00:00\",\"dateModified\":\"2020-01-09T10:52:19+00:00\",\"breadcrumb\":{\"@id\":\"https:\/\/amancius.pt\/fr\/produit\/budget\/#breadcrumb\"},\"inLanguage\":\"fr-FR\",\"potentialAction\":[{\"@type\":\"ReadAction\",\"target\":[\"https:\/\/amancius.pt\/fr\/produit\/budget\/\"]}]},{\"@type\":\"BreadcrumbList\",\"@id\":\"https:\/\/amancius.pt\/fr\/produit\/budget\/#breadcrumb\",\"itemListElement\":[{\"@type\":\"ListItem\",\"position\":1,\"name\":\"In\u00edcio\",\"item\":\"https:\/\/amancius.pt\/fr\/\"},{\"@type\":\"ListItem\",\"position\":2,\"name\":\"Boutique\",\"item\":\"https:\/\/amancius.pt\/fr\/budget\/\"},{\"@type\":\"ListItem\",\"position\":3,\"name\":\"Budget\"}]},{\"@type\":\"WebSite\",\"@id\":\"https:\/\/amancius.pt\/fr\/#website\",\"url\":\"https:\/\/amancius.pt\/fr\/\",\"name\":\"Amancius\",\"description\":\"O nosso principal foco, Criar, produzir e construir caixilharias de alum\u00ednio de acordo com os par\u00e2metros de qualidade internacionais.  Desenvolver solu\u00e7\u00f5es integradas que garantam a cria\u00e7\u00e3o de valor agregado para o nosso cliente e garantir a sustentabilidade do neg\u00f3cio. Vis\u00e3o  Queremos ser lideres em Portugal no setor da serralharia de alum\u00ednio e replicar o neg\u00f3cio internacionalmente, nomeadamente em Fran\u00e7a. somos detentores de conhecimentos e meios t\u00e9cnicos, capazes de desenvolver a nossa atividade com a maior qualidade, rigor e profissionalismo.\",\"publisher\":{\"@id\":\"https:\/\/amancius.pt\/fr\/#organization\"},\"potentialAction\":[{\"@type\":\"SearchAction\",\"target\":{\"@type\":\"EntryPoint\",\"urlTemplate\":\"https:\/\/amancius.pt\/fr\/?s={search_term_string}\"},\"query-input\":\"required name=search_term_string\"}],\"inLanguage\":\"fr-FR\"},{\"@type\":\"Organization\",\"@id\":\"https:\/\/amancius.pt\/fr\/#organization\",\"name\":\"Amancius - aluminium systems\",\"url\":\"https:\/\/amancius.pt\/fr\/\",\"logo\":{\"@type\":\"ImageObject\",\"inLanguage\":\"fr-FR\",\"@id\":\"https:\/\/amancius.pt\/fr\/#\/schema\/logo\/image\/\",\"url\":\"https:\/\/amancius.pt\/wp-content\/uploads\/2020\/09\/logo-amancius-site.png\",\"contentUrl\":\"https:\/\/amancius.pt\/wp-content\/uploads\/2020\/09\/logo-amancius-site.png\",\"width\":700,\"height\":700,\"caption\":\"Amancius - aluminium systems\"},\"image\":{\"@id\":\"https:\/\/amancius.pt\/fr\/#\/schema\/logo\/image\/\"},\"sameAs\":[\"https:\/\/www.instagram.com\/amancius_pt\/\",\"https:\/\/www.linkedin.com\/company\/amanucius2019\/\",\"https:\/\/www.facebook.com\/amancius2019\/\"]}]}<\/script>\n<!-- \/ Yoast SEO plugin. -->","yoast_head_json":{"title":"Budget - Amancius","robots":{"index":"index","follow":"follow","max-snippet":"max-snippet:-1","max-image-preview":"max-image-preview:large","max-video-preview":"max-video-preview:-1"},"canonical":"https:\/\/amancius.pt\/fr\/produit\/budget\/","og_locale":"fr_FR","og_type":"article","og_title":"Budget - Amancius","og_description":"Pour demander un devis Marquise, Fa\u00e7ade et Garde-corps, veuillez nous contacter en utilisant le formulaire ci-dessous. &nbsp;","og_url":"https:\/\/amancius.pt\/fr\/produit\/budget\/","og_site_name":"Amancius","article_publisher":"https:\/\/www.facebook.com\/amancius2019\/","article_modified_time":"2020-01-09T10:52:19+00:00","og_image":[{"width":1920,"height":1080,"url":"https:\/\/amancius.pt\/wp-content\/uploads\/2019\/12\/amancius_imagem_home.jpg","type":"image\/jpeg"}],"twitter_card":"summary_large_image","schema":{"@context":"https:\/\/schema.org","@graph":[{"@type":"WebPage","@id":"https:\/\/amancius.pt\/fr\/produit\/budget\/","url":"https:\/\/amancius.pt\/fr\/produit\/budget\/","name":"Budget - Amancius","isPartOf":{"@id":"https:\/\/amancius.pt\/fr\/#website"},"datePublished":"2019-12-13T18:09:19+00:00","dateModified":"2020-01-09T10:52:19+00:00","breadcrumb":{"@id":"https:\/\/amancius.pt\/fr\/produit\/budget\/#breadcrumb"},"inLanguage":"fr-FR","potentialAction":[{"@type":"ReadAction","target":["https:\/\/amancius.pt\/fr\/produit\/budget\/"]}]},{"@type":"BreadcrumbList","@id":"https:\/\/amancius.pt\/fr\/produit\/budget\/#breadcrumb","itemListElement":[{"@type":"ListItem","position":1,"name":"In\u00edcio","item":"https:\/\/amancius.pt\/fr\/"},{"@type":"ListItem","position":2,"name":"Boutique","item":"https:\/\/amancius.pt\/fr\/budget\/"},{"@type":"ListItem","position":3,"name":"Budget"}]},{"@type":"WebSite","@id":"https:\/\/amancius.pt\/fr\/#website","url":"https:\/\/amancius.pt\/fr\/","name":"Amancius","description":"O nosso principal foco, Criar, produzir e construir caixilharias de alum\u00ednio de acordo com os par\u00e2metros de qualidade internacionais.  Desenvolver solu\u00e7\u00f5es integradas que garantam a cria\u00e7\u00e3o de valor agregado para o nosso cliente e garantir a sustentabilidade do neg\u00f3cio. Vis\u00e3o  Queremos ser lideres em Portugal no setor da serralharia de alum\u00ednio e replicar o neg\u00f3cio internacionalmente, nomeadamente em Fran\u00e7a. somos detentores de conhecimentos e meios t\u00e9cnicos, capazes de desenvolver a nossa atividade com a maior qualidade, rigor e profissionalismo.","publisher":{"@id":"https:\/\/amancius.pt\/fr\/#organization"},"potentialAction":[{"@type":"SearchAction","target":{"@type":"EntryPoint","urlTemplate":"https:\/\/amancius.pt\/fr\/?s={search_term_string}"},"query-input":"required name=search_term_string"}],"inLanguage":"fr-FR"},{"@type":"Organization","@id":"https:\/\/amancius.pt\/fr\/#organization","name":"Amancius - aluminium systems","url":"https:\/\/amancius.pt\/fr\/","logo":{"@type":"ImageObject","inLanguage":"fr-FR","@id":"https:\/\/amancius.pt\/fr\/#\/schema\/logo\/image\/","url":"https:\/\/amancius.pt\/wp-content\/uploads\/2020\/09\/logo-amancius-site.png","contentUrl":"https:\/\/amancius.pt\/wp-content\/uploads\/2020\/09\/logo-amancius-site.png","width":700,"height":700,"caption":"Amancius - aluminium systems"},"image":{"@id":"https:\/\/amancius.pt\/fr\/#\/schema\/logo\/image\/"},"sameAs":["https:\/\/www.instagram.com\/amancius_pt\/","https:\/\/www.linkedin.com\/company\/amanucius2019\/","https:\/\/www.facebook.com\/amancius2019\/"]}]}},"_links":{"self":[{"href":"https:\/\/amancius.pt\/fr\/wp-json\/wp\/v2\/product\/1870","targetHints":{"allow":["GET"]}}],"collection":[{"href":"https:\/\/amancius.pt\/fr\/wp-json\/wp\/v2\/product"}],"about":[{"href":"https:\/\/amancius.pt\/fr\/wp-json\/wp\/v2\/types\/product"}],"wp:featuredmedia":[{"embeddable":true,"href":"https:\/\/amancius.pt\/fr\/wp-json\/wp\/v2\/media\/1400"}],"wp:attachment":[{"href":"https:\/\/amancius.pt\/fr\/wp-json\/wp\/v2\/media?parent=1870"}],"wp:term":[{"taxonomy":"product_cat","embeddable":true,"href":"https:\/\/amancius.pt\/fr\/wp-json\/wp\/v2\/product_cat?post=1870"},{"taxonomy":"product_tag","embeddable":true,"href":"https:\/\/amancius.pt\/fr\/wp-json\/wp\/v2\/product_tag?post=1870"}],"curies":[{"name":"wp","href":"https:\/\/api.w.org\/{rel}","templated":true}]}}