{"id":1471,"date":"2020-01-08T11:50:21","date_gmt":"2020-01-08T10:50:21","guid":{"rendered":"https:\/\/amancius.pt\/?page_id=1471"},"modified":"2020-01-08T15:46:47","modified_gmt":"2020-01-08T14:46:47","slug":"privacy-policy","status":"publish","type":"page","link":"https:\/\/amancius.pt\/en\/privacy-policy\/","title":{"rendered":"Privacy Policy"},"content":{"rendered":"<section class=\"wpb-content-wrapper\"><p>[vc_row][vc_column][vc_empty_space][vc_column_text]<\/p>\n<div class=\"banner-bg fill\">\n<div class=\"overlay\" style=\"text-align: left;\">Amancius adopts measures to protect the privacy of the Customers and Users of its website, as well as its products and services, having elaborated this Privacy Policy. With the purpose of demonstrating their commitment and respect for the rules of protection of personal data.<\/div>\n<\/div>\n<div class=\"banner-layers container\">\n<div id=\"text-box-772517840\" class=\"text-box banner-layer x50 md-x50 lg-x50 y50 md-y50 lg-y50 res-text\">\n<div class=\"text dark\">\n<div class=\"text-inner text-center\">\n<p style=\"text-align: left;\">Some of the functionalities of the website www.amancius.pt can be used without the use of any personal information by the user.<br \/>\nThe personal data are collected when this is consented to by the respective owner, and the availability of personal data by the owner implies the knowledge and acceptance of the conditions in this Privacy Policy, therefore, when making your personal data available, the User is authorizing the collection, use and disclosure in accordance with the rules set out in the applicable collection instruments.<br \/>\nThe personal data collected are destined to the use of Amancius and, when authorized by the holder, be used for statistical purposes and in promotions and direct marketing actions. The personal data of the holders may be disclosed by Amancius for compliance with a judicial order or a competent authority in accordance with the provisions of the legislation in force.<br \/>\nAny information that is available on or through the site, presupposes prior consent by its holder and, upon formal consent of its holder, may be used by Amancius for purposes of digital marketing, sending emails or other communications and contacts. The use of this information,with prior consent, is exempt from monetary compensation to the user who is available.<br \/>\nThe entity responsible for the collection and processing of personal data is Amancius.<br \/>\nAmancius guarantees high levels of security and protection of personal data, protecting the personal data that are made available by its Customers and\/or Users, against its possible misuse or against unauthorized access.<br \/>\nThe rules of this Privacy Policy complement the provisions on personal data set forth in the terms and conditions of use of the Amancius website (www.amancius.pt).<br \/>\nAmancius reserves the right to change this Privacy Policy at any time. Any changes will be posted in this Privacy Policy and the material changes will apply to the activities and data collected in the future. In accordance with the provisions of the Data Protection Law, the Customer or User may contact Amancius in case of any doubt about the Privacy Policy or to change, correct or delete your personal data, through the following contacts:<\/p>\n<p style=\"text-align: left;\"><strong>E-mail<\/strong><br \/>\ngeral@amancius.pt<\/p>\n<\/div>\n<\/div>\n<\/div>\n<\/div>\n<p>[\/vc_column_text][vc_empty_space][\/vc_column][\/vc_row]<\/p>\n<\/section>","protected":false},"excerpt":{"rendered":"<p>[vc_row][vc_column][vc_empty_space][vc_column_text] Amancius adopts measures to protect the privacy of the Customers and Users of its&#8230;<\/p>\n","protected":false},"author":1,"featured_media":0,"parent":0,"menu_order":0,"comment_status":"closed","ping_status":"closed","template":"","meta":{"footnotes":""},"class_list":["post-1471","page","type-page","status-publish","hentry"],"yoast_head":"<!-- This site is optimized with the Yoast SEO plugin v19.14 - https:\/\/yoast.com\/wordpress\/plugins\/seo\/ -->\n<title>Privacy Policy - Amancius<\/title>\n<meta name=\"robots\" content=\"index, follow, max-snippet:-1, max-image-preview:large, max-video-preview:-1\" \/>\n<link rel=\"canonical\" href=\"https:\/\/amancius.pt\/en\/privacy-policy\/\" \/>\n<meta property=\"og:locale\" content=\"en_US\" \/>\n<meta property=\"og:type\" content=\"article\" \/>\n<meta property=\"og:title\" content=\"Privacy Policy - Amancius\" \/>\n<meta property=\"og:description\" content=\"[vc_row][vc_column][vc_empty_space][vc_column_text] Amancius adopts measures to protect the privacy of the Customers and Users of its...\" \/>\n<meta property=\"og:url\" content=\"https:\/\/amancius.pt\/en\/privacy-policy\/\" \/>\n<meta property=\"og:site_name\" content=\"Amancius\" \/>\n<meta property=\"article:publisher\" content=\"https:\/\/www.facebook.com\/amancius2019\/\" \/>\n<meta property=\"article:modified_time\" content=\"2020-01-08T14:46:47+00:00\" \/>\n<meta name=\"twitter:card\" content=\"summary_large_image\" \/>\n<script type=\"application\/ld+json\" class=\"yoast-schema-graph\">{\"@context\":\"https:\/\/schema.org\",\"@graph\":[{\"@type\":\"WebPage\",\"@id\":\"https:\/\/amancius.pt\/en\/privacy-policy\/\",\"url\":\"https:\/\/amancius.pt\/en\/privacy-policy\/\",\"name\":\"Privacy Policy - Amancius\",\"isPartOf\":{\"@id\":\"https:\/\/amancius.pt\/en\/#website\"},\"datePublished\":\"2020-01-08T10:50:21+00:00\",\"dateModified\":\"2020-01-08T14:46:47+00:00\",\"breadcrumb\":{\"@id\":\"https:\/\/amancius.pt\/en\/privacy-policy\/#breadcrumb\"},\"inLanguage\":\"en-US\",\"potentialAction\":[{\"@type\":\"ReadAction\",\"target\":[\"https:\/\/amancius.pt\/en\/privacy-policy\/\"]}]},{\"@type\":\"BreadcrumbList\",\"@id\":\"https:\/\/amancius.pt\/en\/privacy-policy\/#breadcrumb\",\"itemListElement\":[{\"@type\":\"ListItem\",\"position\":1,\"name\":\"In\u00edcio\",\"item\":\"https:\/\/amancius.pt\/en\/\"},{\"@type\":\"ListItem\",\"position\":2,\"name\":\"Privacy Policy\"}]},{\"@type\":\"WebSite\",\"@id\":\"https:\/\/amancius.pt\/en\/#website\",\"url\":\"https:\/\/amancius.pt\/en\/\",\"name\":\"Amancius\",\"description\":\"O nosso principal foco, Criar, produzir e construir caixilharias de alum\u00ednio de acordo com os par\u00e2metros de qualidade internacionais.  Desenvolver solu\u00e7\u00f5es integradas que garantam a cria\u00e7\u00e3o de valor agregado para o nosso cliente e garantir a sustentabilidade do neg\u00f3cio. Vis\u00e3o  Queremos ser lideres em Portugal no setor da serralharia de alum\u00ednio e replicar o neg\u00f3cio internacionalmente, nomeadamente em Fran\u00e7a. somos detentores de conhecimentos e meios t\u00e9cnicos, capazes de desenvolver a nossa atividade com a maior qualidade, rigor e profissionalismo.\",\"publisher\":{\"@id\":\"https:\/\/amancius.pt\/en\/#organization\"},\"potentialAction\":[{\"@type\":\"SearchAction\",\"target\":{\"@type\":\"EntryPoint\",\"urlTemplate\":\"https:\/\/amancius.pt\/en\/?s={search_term_string}\"},\"query-input\":\"required name=search_term_string\"}],\"inLanguage\":\"en-US\"},{\"@type\":\"Organization\",\"@id\":\"https:\/\/amancius.pt\/en\/#organization\",\"name\":\"Amancius - aluminium systems\",\"url\":\"https:\/\/amancius.pt\/en\/\",\"logo\":{\"@type\":\"ImageObject\",\"inLanguage\":\"en-US\",\"@id\":\"https:\/\/amancius.pt\/en\/#\/schema\/logo\/image\/\",\"url\":\"https:\/\/amancius.pt\/wp-content\/uploads\/2020\/09\/logo-amancius-site.png\",\"contentUrl\":\"https:\/\/amancius.pt\/wp-content\/uploads\/2020\/09\/logo-amancius-site.png\",\"width\":700,\"height\":700,\"caption\":\"Amancius - aluminium systems\"},\"image\":{\"@id\":\"https:\/\/amancius.pt\/en\/#\/schema\/logo\/image\/\"},\"sameAs\":[\"https:\/\/www.instagram.com\/amancius_pt\/\",\"https:\/\/www.linkedin.com\/company\/amanucius2019\/\",\"https:\/\/www.facebook.com\/amancius2019\/\"]}]}<\/script>\n<!-- \/ Yoast SEO plugin. -->","yoast_head_json":{"title":"Privacy Policy - Amancius","robots":{"index":"index","follow":"follow","max-snippet":"max-snippet:-1","max-image-preview":"max-image-preview:large","max-video-preview":"max-video-preview:-1"},"canonical":"https:\/\/amancius.pt\/en\/privacy-policy\/","og_locale":"en_US","og_type":"article","og_title":"Privacy Policy - Amancius","og_description":"[vc_row][vc_column][vc_empty_space][vc_column_text] Amancius adopts measures to protect the privacy of the Customers and Users of its...","og_url":"https:\/\/amancius.pt\/en\/privacy-policy\/","og_site_name":"Amancius","article_publisher":"https:\/\/www.facebook.com\/amancius2019\/","article_modified_time":"2020-01-08T14:46:47+00:00","twitter_card":"summary_large_image","schema":{"@context":"https:\/\/schema.org","@graph":[{"@type":"WebPage","@id":"https:\/\/amancius.pt\/en\/privacy-policy\/","url":"https:\/\/amancius.pt\/en\/privacy-policy\/","name":"Privacy Policy - Amancius","isPartOf":{"@id":"https:\/\/amancius.pt\/en\/#website"},"datePublished":"2020-01-08T10:50:21+00:00","dateModified":"2020-01-08T14:46:47+00:00","breadcrumb":{"@id":"https:\/\/amancius.pt\/en\/privacy-policy\/#breadcrumb"},"inLanguage":"en-US","potentialAction":[{"@type":"ReadAction","target":["https:\/\/amancius.pt\/en\/privacy-policy\/"]}]},{"@type":"BreadcrumbList","@id":"https:\/\/amancius.pt\/en\/privacy-policy\/#breadcrumb","itemListElement":[{"@type":"ListItem","position":1,"name":"In\u00edcio","item":"https:\/\/amancius.pt\/en\/"},{"@type":"ListItem","position":2,"name":"Privacy Policy"}]},{"@type":"WebSite","@id":"https:\/\/amancius.pt\/en\/#website","url":"https:\/\/amancius.pt\/en\/","name":"Amancius","description":"O nosso principal foco, Criar, produzir e construir caixilharias de alum\u00ednio de acordo com os par\u00e2metros de qualidade internacionais.  Desenvolver solu\u00e7\u00f5es integradas que garantam a cria\u00e7\u00e3o de valor agregado para o nosso cliente e garantir a sustentabilidade do neg\u00f3cio. Vis\u00e3o  Queremos ser lideres em Portugal no setor da serralharia de alum\u00ednio e replicar o neg\u00f3cio internacionalmente, nomeadamente em Fran\u00e7a. somos detentores de conhecimentos e meios t\u00e9cnicos, capazes de desenvolver a nossa atividade com a maior qualidade, rigor e profissionalismo.","publisher":{"@id":"https:\/\/amancius.pt\/en\/#organization"},"potentialAction":[{"@type":"SearchAction","target":{"@type":"EntryPoint","urlTemplate":"https:\/\/amancius.pt\/en\/?s={search_term_string}"},"query-input":"required name=search_term_string"}],"inLanguage":"en-US"},{"@type":"Organization","@id":"https:\/\/amancius.pt\/en\/#organization","name":"Amancius - aluminium systems","url":"https:\/\/amancius.pt\/en\/","logo":{"@type":"ImageObject","inLanguage":"en-US","@id":"https:\/\/amancius.pt\/en\/#\/schema\/logo\/image\/","url":"https:\/\/amancius.pt\/wp-content\/uploads\/2020\/09\/logo-amancius-site.png","contentUrl":"https:\/\/amancius.pt\/wp-content\/uploads\/2020\/09\/logo-amancius-site.png","width":700,"height":700,"caption":"Amancius - aluminium systems"},"image":{"@id":"https:\/\/amancius.pt\/en\/#\/schema\/logo\/image\/"},"sameAs":["https:\/\/www.instagram.com\/amancius_pt\/","https:\/\/www.linkedin.com\/company\/amanucius2019\/","https:\/\/www.facebook.com\/amancius2019\/"]}]}},"_links":{"self":[{"href":"https:\/\/amancius.pt\/en\/wp-json\/wp\/v2\/pages\/1471","targetHints":{"allow":["GET"]}}],"collection":[{"href":"https:\/\/amancius.pt\/en\/wp-json\/wp\/v2\/pages"}],"about":[{"href":"https:\/\/amancius.pt\/en\/wp-json\/wp\/v2\/types\/page"}],"author":[{"embeddable":true,"href":"https:\/\/amancius.pt\/en\/wp-json\/wp\/v2\/users\/1"}],"replies":[{"embeddable":true,"href":"https:\/\/amancius.pt\/en\/wp-json\/wp\/v2\/comments?post=1471"}],"version-history":[{"count":2,"href":"https:\/\/amancius.pt\/en\/wp-json\/wp\/v2\/pages\/1471\/revisions"}],"predecessor-version":[{"id":1475,"href":"https:\/\/amancius.pt\/en\/wp-json\/wp\/v2\/pages\/1471\/revisions\/1475"}],"wp:attachment":[{"href":"https:\/\/amancius.pt\/en\/wp-json\/wp\/v2\/media?parent=1471"}],"curies":[{"name":"wp","href":"https:\/\/api.w.org\/{rel}","templated":true}]}}