{"id":1457,"date":"2019-12-30T13:37:49","date_gmt":"2019-12-30T12:37:49","guid":{"rendered":"https:\/\/amancius.pt\/politica-de-cookies\/"},"modified":"2020-01-08T16:25:17","modified_gmt":"2020-01-08T15:25:17","slug":"cookies-policy","status":"publish","type":"page","link":"https:\/\/amancius.pt\/en\/cookies-policy\/","title":{"rendered":"Cookies Policy"},"content":{"rendered":"<section class=\"wpb-content-wrapper\"><p>[vc_row][vc_column][vc_empty_space][vc_column_text]<b>What are Cookies?<\/b><\/p>\n<p>The cookie is a small text file that, while not collecting personal information that identifies the user, will store on the access device generic information that allows you to later use the websites more quickly and efficiently.<\/p>\n<p>Cookies have specific functions, which can last the session of the user or extend after the closing, persistently, according to the function for which they are intended.<\/p>\n<p><b>What are Cookies for?<\/b><\/p>\n<p>Cookies serve to help determine the usefulness, interest and number of uses of websites, allowing faster and more efficient navigation, eliminating the need to repeatedly enter the same information.<\/p>\n<p><b>What types of cookies exist?<\/b><\/p>\n<p>There are two groups of cookies that can be used, considering their validity:<\/p>\n<p><b>Permanent cookies<\/b> <strong>\u2013<\/strong> is cookies that are stored in the browser on your access equipment (PC, mobile and tablet) and that are used whenever you visit one of our websites again. They are generally used to direct navigation to the interests of the user, allowing us to provide a more personalised service.<\/p>\n<p><b>Session cookies<\/b> <strong>\u2013<\/strong> are temporary cookies that remain in the cookie file of your browser until you leave the website. The information obtained by these cookies serves to analyze web traffic patterns, allowing us to identify problems and provide a better browsing experience.<\/p>\n<p>In addition, these are divided into the following:<\/p>\n<p><b>Required Cookies \u2013<\/b> Not long ago only during a user session, allowing to identify, are important for the service available on websites.<\/p>\n<p><b>Analytical Cookies \u2013<\/b> Used anonymously for the purpose of creating and analyzing statistics, in order to improve the functioning of the website.<\/p>\n<p><b>Functional Cookies \u2013 <\/b>Saves user preferences regarding website usage, so you do not need to re-configure the website each time you visit.<\/p>\n<p><b>Third-party cookies <\/b><strong>\u2013<\/strong> Evaluate the success of the app and the effectiveness of third-party advertising. They can also be used to customize a widget with user data.<\/p>\n<p><b>Advertising Cookies \u2013 <\/b>Directs advertising according to the interests of each user, in order to target the advertising campaigns taking into account the tastes of the users, and also limit the number of times you see the ad, helping to measure the effectiveness of advertising and the success of the organization of the website.<\/p>\n<p><b>Why do we use cookies?<\/b><\/p>\n<p>We use cookies to facilitate the use and navigation on our website, adapting our pages to your interests and needs, being able to accelerate your navigation and allowing you to reach pages of your interest more quickly. We also use cookies to crawl our page and compile anonymous browsing statistics to enhance your experience.<\/p>\n<p><b>What cookies do we use?<\/b><\/p>\n<p><b>Feature Cookies | Third-party cookies | Advertising Cookies<\/b><\/p>\n<p><b>How can you manage Cookies?<\/b><\/p>\n<p>All browsers allow the user to accept, reject or delete cookies, in particular by selecting the appropriate settings in their browser. You can set cookies in the \u201coptions\u201d or \u201cpreferences\u201d menu of your browser.<\/p>\n<p>If you do not know how to do this, follow the links below the main browsers. You will be directed to the help page of each browser.<\/p>\n<p><a href=\"https:\/\/support.microsoft.com\/en-us\/help\/17442\/windows-internet-explorer-delete-manage-cookies\">Internet Explorer Configuration<\/a><\/p>\n<p><a href=\"https:\/\/support.mozilla.org\/en-US\/kb\/clear-cookies-and-site-data-firefox\">Mozilla Firefox Configuration<\/a><\/p>\n<p><a href=\"https:\/\/support.google.com\/chrome\/answer\/95647?hl=en&amp;topic=14666&amp;ctx=topic\">Google Chromes Settings<\/a><\/p>\n<p><a href=\"https:\/\/support.apple.com\/en-us\/HT201265\">Safari Web and IOS configuration<\/a><\/p>\n<p><b>Note: <\/b>When you disable cookies, you may be deactivating some Internet services that may affect partially or totally your Internet browsing.<\/p>\n<p><b>More information:<\/b><\/p>\n<p>English, French, German, Spanish \u2013 <a href=\"https:\/\/www.allaboutcookies.org\/\">www.allaboutcookies.org<\/a>[\/vc_column_text][vc_empty_space][\/vc_column][\/vc_row]<\/p>\n<\/section>","protected":false},"excerpt":{"rendered":"<p>[vc_row][vc_column][vc_empty_space][vc_column_text]What are Cookies? The cookie is a small text file that, while not collecting personal&#8230;<\/p>\n","protected":false},"author":1,"featured_media":0,"parent":0,"menu_order":0,"comment_status":"closed","ping_status":"closed","template":"","meta":{"footnotes":""},"class_list":["post-1457","page","type-page","status-publish","hentry"],"yoast_head":"<!-- This site is optimized with the Yoast SEO plugin v19.14 - https:\/\/yoast.com\/wordpress\/plugins\/seo\/ -->\n<title>Cookies Policy - Amancius<\/title>\n<meta name=\"robots\" content=\"index, follow, max-snippet:-1, max-image-preview:large, max-video-preview:-1\" \/>\n<link rel=\"canonical\" href=\"https:\/\/amancius.pt\/en\/cookies-policy\/\" \/>\n<meta property=\"og:locale\" content=\"en_US\" \/>\n<meta property=\"og:type\" content=\"article\" \/>\n<meta property=\"og:title\" content=\"Cookies Policy - Amancius\" \/>\n<meta property=\"og:description\" content=\"[vc_row][vc_column][vc_empty_space][vc_column_text]What are Cookies? The cookie is a small text file that, while not collecting personal...\" \/>\n<meta property=\"og:url\" content=\"https:\/\/amancius.pt\/en\/cookies-policy\/\" \/>\n<meta property=\"og:site_name\" content=\"Amancius\" \/>\n<meta property=\"article:publisher\" content=\"https:\/\/www.facebook.com\/amancius2019\/\" \/>\n<meta property=\"article:modified_time\" content=\"2020-01-08T15:25:17+00:00\" \/>\n<meta name=\"twitter:card\" content=\"summary_large_image\" \/>\n<script type=\"application\/ld+json\" class=\"yoast-schema-graph\">{\"@context\":\"https:\/\/schema.org\",\"@graph\":[{\"@type\":\"WebPage\",\"@id\":\"https:\/\/amancius.pt\/en\/cookies-policy\/\",\"url\":\"https:\/\/amancius.pt\/en\/cookies-policy\/\",\"name\":\"Cookies Policy - Amancius\",\"isPartOf\":{\"@id\":\"https:\/\/amancius.pt\/en\/#website\"},\"datePublished\":\"2019-12-30T12:37:49+00:00\",\"dateModified\":\"2020-01-08T15:25:17+00:00\",\"breadcrumb\":{\"@id\":\"https:\/\/amancius.pt\/en\/cookies-policy\/#breadcrumb\"},\"inLanguage\":\"en-US\",\"potentialAction\":[{\"@type\":\"ReadAction\",\"target\":[\"https:\/\/amancius.pt\/en\/cookies-policy\/\"]}]},{\"@type\":\"BreadcrumbList\",\"@id\":\"https:\/\/amancius.pt\/en\/cookies-policy\/#breadcrumb\",\"itemListElement\":[{\"@type\":\"ListItem\",\"position\":1,\"name\":\"In\u00edcio\",\"item\":\"https:\/\/amancius.pt\/en\/\"},{\"@type\":\"ListItem\",\"position\":2,\"name\":\"Cookies Policy\"}]},{\"@type\":\"WebSite\",\"@id\":\"https:\/\/amancius.pt\/en\/#website\",\"url\":\"https:\/\/amancius.pt\/en\/\",\"name\":\"Amancius\",\"description\":\"O nosso principal foco, Criar, produzir e construir caixilharias de alum\u00ednio de acordo com os par\u00e2metros de qualidade internacionais.  Desenvolver solu\u00e7\u00f5es integradas que garantam a cria\u00e7\u00e3o de valor agregado para o nosso cliente e garantir a sustentabilidade do neg\u00f3cio. Vis\u00e3o  Queremos ser lideres em Portugal no setor da serralharia de alum\u00ednio e replicar o neg\u00f3cio internacionalmente, nomeadamente em Fran\u00e7a. somos detentores de conhecimentos e meios t\u00e9cnicos, capazes de desenvolver a nossa atividade com a maior qualidade, rigor e profissionalismo.\",\"publisher\":{\"@id\":\"https:\/\/amancius.pt\/en\/#organization\"},\"potentialAction\":[{\"@type\":\"SearchAction\",\"target\":{\"@type\":\"EntryPoint\",\"urlTemplate\":\"https:\/\/amancius.pt\/en\/?s={search_term_string}\"},\"query-input\":\"required name=search_term_string\"}],\"inLanguage\":\"en-US\"},{\"@type\":\"Organization\",\"@id\":\"https:\/\/amancius.pt\/en\/#organization\",\"name\":\"Amancius - aluminium systems\",\"url\":\"https:\/\/amancius.pt\/en\/\",\"logo\":{\"@type\":\"ImageObject\",\"inLanguage\":\"en-US\",\"@id\":\"https:\/\/amancius.pt\/en\/#\/schema\/logo\/image\/\",\"url\":\"https:\/\/amancius.pt\/wp-content\/uploads\/2020\/09\/logo-amancius-site.png\",\"contentUrl\":\"https:\/\/amancius.pt\/wp-content\/uploads\/2020\/09\/logo-amancius-site.png\",\"width\":700,\"height\":700,\"caption\":\"Amancius - aluminium systems\"},\"image\":{\"@id\":\"https:\/\/amancius.pt\/en\/#\/schema\/logo\/image\/\"},\"sameAs\":[\"https:\/\/www.instagram.com\/amancius_pt\/\",\"https:\/\/www.linkedin.com\/company\/amanucius2019\/\",\"https:\/\/www.facebook.com\/amancius2019\/\"]}]}<\/script>\n<!-- \/ Yoast SEO plugin. -->","yoast_head_json":{"title":"Cookies Policy - Amancius","robots":{"index":"index","follow":"follow","max-snippet":"max-snippet:-1","max-image-preview":"max-image-preview:large","max-video-preview":"max-video-preview:-1"},"canonical":"https:\/\/amancius.pt\/en\/cookies-policy\/","og_locale":"en_US","og_type":"article","og_title":"Cookies Policy - Amancius","og_description":"[vc_row][vc_column][vc_empty_space][vc_column_text]What are Cookies? The cookie is a small text file that, while not collecting personal...","og_url":"https:\/\/amancius.pt\/en\/cookies-policy\/","og_site_name":"Amancius","article_publisher":"https:\/\/www.facebook.com\/amancius2019\/","article_modified_time":"2020-01-08T15:25:17+00:00","twitter_card":"summary_large_image","schema":{"@context":"https:\/\/schema.org","@graph":[{"@type":"WebPage","@id":"https:\/\/amancius.pt\/en\/cookies-policy\/","url":"https:\/\/amancius.pt\/en\/cookies-policy\/","name":"Cookies Policy - Amancius","isPartOf":{"@id":"https:\/\/amancius.pt\/en\/#website"},"datePublished":"2019-12-30T12:37:49+00:00","dateModified":"2020-01-08T15:25:17+00:00","breadcrumb":{"@id":"https:\/\/amancius.pt\/en\/cookies-policy\/#breadcrumb"},"inLanguage":"en-US","potentialAction":[{"@type":"ReadAction","target":["https:\/\/amancius.pt\/en\/cookies-policy\/"]}]},{"@type":"BreadcrumbList","@id":"https:\/\/amancius.pt\/en\/cookies-policy\/#breadcrumb","itemListElement":[{"@type":"ListItem","position":1,"name":"In\u00edcio","item":"https:\/\/amancius.pt\/en\/"},{"@type":"ListItem","position":2,"name":"Cookies Policy"}]},{"@type":"WebSite","@id":"https:\/\/amancius.pt\/en\/#website","url":"https:\/\/amancius.pt\/en\/","name":"Amancius","description":"O nosso principal foco, Criar, produzir e construir caixilharias de alum\u00ednio de acordo com os par\u00e2metros de qualidade internacionais.  Desenvolver solu\u00e7\u00f5es integradas que garantam a cria\u00e7\u00e3o de valor agregado para o nosso cliente e garantir a sustentabilidade do neg\u00f3cio. Vis\u00e3o  Queremos ser lideres em Portugal no setor da serralharia de alum\u00ednio e replicar o neg\u00f3cio internacionalmente, nomeadamente em Fran\u00e7a. somos detentores de conhecimentos e meios t\u00e9cnicos, capazes de desenvolver a nossa atividade com a maior qualidade, rigor e profissionalismo.","publisher":{"@id":"https:\/\/amancius.pt\/en\/#organization"},"potentialAction":[{"@type":"SearchAction","target":{"@type":"EntryPoint","urlTemplate":"https:\/\/amancius.pt\/en\/?s={search_term_string}"},"query-input":"required name=search_term_string"}],"inLanguage":"en-US"},{"@type":"Organization","@id":"https:\/\/amancius.pt\/en\/#organization","name":"Amancius - aluminium systems","url":"https:\/\/amancius.pt\/en\/","logo":{"@type":"ImageObject","inLanguage":"en-US","@id":"https:\/\/amancius.pt\/en\/#\/schema\/logo\/image\/","url":"https:\/\/amancius.pt\/wp-content\/uploads\/2020\/09\/logo-amancius-site.png","contentUrl":"https:\/\/amancius.pt\/wp-content\/uploads\/2020\/09\/logo-amancius-site.png","width":700,"height":700,"caption":"Amancius - aluminium systems"},"image":{"@id":"https:\/\/amancius.pt\/en\/#\/schema\/logo\/image\/"},"sameAs":["https:\/\/www.instagram.com\/amancius_pt\/","https:\/\/www.linkedin.com\/company\/amanucius2019\/","https:\/\/www.facebook.com\/amancius2019\/"]}]}},"_links":{"self":[{"href":"https:\/\/amancius.pt\/en\/wp-json\/wp\/v2\/pages\/1457","targetHints":{"allow":["GET"]}}],"collection":[{"href":"https:\/\/amancius.pt\/en\/wp-json\/wp\/v2\/pages"}],"about":[{"href":"https:\/\/amancius.pt\/en\/wp-json\/wp\/v2\/types\/page"}],"author":[{"embeddable":true,"href":"https:\/\/amancius.pt\/en\/wp-json\/wp\/v2\/users\/1"}],"replies":[{"embeddable":true,"href":"https:\/\/amancius.pt\/en\/wp-json\/wp\/v2\/comments?post=1457"}],"version-history":[{"count":4,"href":"https:\/\/amancius.pt\/en\/wp-json\/wp\/v2\/pages\/1457\/revisions"}],"predecessor-version":[{"id":1688,"href":"https:\/\/amancius.pt\/en\/wp-json\/wp\/v2\/pages\/1457\/revisions\/1688"}],"wp:attachment":[{"href":"https:\/\/amancius.pt\/en\/wp-json\/wp\/v2\/media?parent=1457"}],"curies":[{"name":"wp","href":"https:\/\/api.w.org\/{rel}","templated":true}]}}